{"id":367,"date":"2022-09-27T02:55:29","date_gmt":"2022-09-27T02:55:29","guid":{"rendered":"https:\/\/ortoclin.co\/home-copy\/"},"modified":"2023-03-07T18:24:00","modified_gmt":"2023-03-07T18:24:00","slug":"ortoclin-lovers","status":"publish","type":"page","link":"https:\/\/ortoclin.co\/extranjero\/ortoclin-lovers\/","title":{"rendered":"Ortoclin Lovers"},"content":{"rendered":"<div data-elementor-type=\"wp-page\" data-elementor-id=\"367\" class=\"elementor elementor-367\" data-elementor-post-type=\"page\">\n\t\t\t\t\t\t<section class=\"elementor-section elementor-top-section elementor-element elementor-element-76e969f elementor-section-height-min-height elementor-section-boxed elementor-section-height-default elementor-section-items-middle exad-glass-effect-no wpr-particle-no wpr-jarallax-no wpr-parallax-no wpr-sticky-section-no wpr-equal-height-no exad-sticky-section-no\" data-id=\"76e969f\" data-element_type=\"section\" data-e-type=\"section\" data-settings=\"{&quot;background_background&quot;:&quot;classic&quot;}\">\n\t\t\t\t\t\t\t<div class=\"elementor-background-overlay\"><\/div>\n\t\t\t\t\t\t\t<div class=\"elementor-container elementor-column-gap-default\">\n\t\t\t\t\t<div class=\"elementor-column elementor-col-100 elementor-top-column elementor-element elementor-element-304ae13 exad-glass-effect-no exad-sticky-section-no\" data-id=\"304ae13\" data-element_type=\"column\" data-e-type=\"column\">\n\t\t\t<div class=\"elementor-widget-wrap elementor-element-populated\">\n\t\t\t\t\t\t<div class=\"elementor-element elementor-element-df92d73 exad-sticky-section-no exad-glass-effect-no elementor-invisible elementor-widget elementor-widget-heading\" data-id=\"df92d73\" data-element_type=\"widget\" data-e-type=\"widget\" data-settings=\"{&quot;_animation&quot;:&quot;fadeInLeft&quot;}\" data-widget_type=\"heading.default\">\n\t\t\t\t<div class=\"elementor-widget-container\">\n\t\t\t\t\t<h2 class=\"elementor-heading-title elementor-size-default\">ORTOCLIN LOVERS<\/h2>\t\t\t\t<\/div>\n\t\t\t\t<\/div>\n\t\t\t\t\t<\/div>\n\t\t<\/div>\n\t\t\t\t\t<\/div>\n\t\t<\/section>\n\t\t\t\t<section class=\"elementor-section elementor-top-section elementor-element elementor-element-e456e93 elementor-section-height-min-height elementor-section-items-stretch elementor-section-content-middle elementor-section-boxed elementor-section-height-default exad-glass-effect-no wpr-particle-no wpr-jarallax-no wpr-parallax-no wpr-sticky-section-no wpr-equal-height-no exad-sticky-section-no\" data-id=\"e456e93\" data-element_type=\"section\" data-e-type=\"section\" data-settings=\"{&quot;background_background&quot;:&quot;classic&quot;}\">\n\t\t\t\t\t\t\t<div class=\"elementor-background-overlay\"><\/div>\n\t\t\t\t\t\t\t<div class=\"elementor-container elementor-column-gap-default\">\n\t\t\t\t\t<div class=\"elementor-column elementor-col-100 elementor-top-column elementor-element elementor-element-b99e0de exad-glass-effect-no exad-sticky-section-no\" data-id=\"b99e0de\" data-element_type=\"column\" data-e-type=\"column\">\n\t\t\t<div class=\"elementor-widget-wrap elementor-element-populated\">\n\t\t\t\t\t\t<div class=\"elementor-element elementor-element-0eca100 exad-sticky-section-no exad-glass-effect-no elementor-widget elementor-widget-video\" data-id=\"0eca100\" data-element_type=\"widget\" data-e-type=\"widget\" data-settings=\"{&quot;video_type&quot;:&quot;hosted&quot;,&quot;autoplay&quot;:&quot;yes&quot;}\" data-widget_type=\"video.default\">\n\t\t\t\t<div class=\"elementor-widget-container\">\n\t\t\t\t\t\t\t<div class=\"e-hosted-video elementor-wrapper elementor-open-inline\">\n\t\t\t\t\t<video class=\"elementor-video\" src=\"https:\/\/ortoclin.co\/wp-content\/uploads\/2023\/02\/Logo-Ortoclin_-Animado.mp4\" autoplay=\"\" controlslist=\"nodownload\"><\/video>\n\t\t\t\t<\/div>\n\t\t\t\t\t\t<\/div>\n\t\t\t\t<\/div>\n\t\t\t\t<div class=\"elementor-element elementor-element-08542a1 exad-sticky-section-no exad-glass-effect-no elementor-invisible elementor-widget elementor-widget-text-editor\" data-id=\"08542a1\" data-element_type=\"widget\" data-e-type=\"widget\" data-settings=\"{&quot;_animation&quot;:&quot;fadeInRight&quot;,&quot;_animation_delay&quot;:300}\" data-widget_type=\"text-editor.default\">\n\t\t\t\t<div class=\"elementor-widget-container\">\n\t\t\t\t\t\t\t\t\t<p>We are a company that provides oral health services, which seeks patient satisfaction, based on innovative technology, humanized care and materials of the highest quality.<\/p>\n<p>Nuestra visi\u00f3n es ser en el 2024 la cl\u00ednica odontol\u00f3gica l\u00edder en el Valle del Aburr\u00e1, cumpliendo los requisitos m\u00e1ximos de excelencia, para satisfacer las necesidades de nuestros pacientes.<\/p>\t\t\t\t\t\t\t\t<\/div>\n\t\t\t\t<\/div>\n\t\t\t\t\t<\/div>\n\t\t<\/div>\n\t\t\t\t\t<\/div>\n\t\t<\/section>\n\t\t\t\t<section class=\"elementor-section elementor-top-section elementor-element elementor-element-2df39fd elementor-section-height-min-height elementor-section-items-bottom elementor-section-content-bottom elementor-section-boxed elementor-section-height-default exad-glass-effect-no wpr-particle-no wpr-jarallax-no wpr-parallax-no wpr-sticky-section-no wpr-equal-height-no exad-sticky-section-no\" data-id=\"2df39fd\" data-element_type=\"section\" data-e-type=\"section\" data-settings=\"{&quot;background_background&quot;:&quot;classic&quot;}\">\n\t\t\t\t\t\t\t<div class=\"elementor-background-overlay\"><\/div>\n\t\t\t\t\t\t\t<div class=\"elementor-container elementor-column-gap-no\">\n\t\t\t\t\t<div class=\"elementor-column elementor-col-50 elementor-top-column elementor-element elementor-element-5284057 exad-glass-effect-no exad-sticky-section-no\" data-id=\"5284057\" data-element_type=\"column\" data-e-type=\"column\">\n\t\t\t<div class=\"elementor-widget-wrap elementor-element-populated\">\n\t\t\t\t\t\t<div class=\"elementor-element elementor-element-17bd052 exad-sticky-section-no exad-glass-effect-no elementor-widget elementor-widget-image\" data-id=\"17bd052\" data-element_type=\"widget\" data-e-type=\"widget\" data-widget_type=\"image.default\">\n\t\t\t\t<div class=\"elementor-widget-container\">\n\t\t\t\t\t\t\t\t\t\t\t\t\t\t\t<img decoding=\"async\" src=\"https:\/\/ortoclin.co\/wp-content\/uploads\/2023\/02\/doctor-png-min.png\" title=\"\" alt=\"\" loading=\"lazy\" \/>\t\t\t\t\t\t\t\t\t\t\t\t\t\t\t<\/div>\n\t\t\t\t<\/div>\n\t\t\t\t\t<\/div>\n\t\t<\/div>\n\t\t\t\t<div class=\"elementor-column elementor-col-50 elementor-top-column elementor-element elementor-element-ffa2a32 exad-glass-effect-no exad-sticky-section-no\" data-id=\"ffa2a32\" data-element_type=\"column\" data-e-type=\"column\">\n\t\t\t<div class=\"elementor-widget-wrap elementor-element-populated\">\n\t\t\t\t\t\t<div class=\"elementor-element elementor-element-443a658 exad-sticky-section-no exad-glass-effect-no elementor-widget elementor-widget-heading\" data-id=\"443a658\" data-element_type=\"widget\" data-e-type=\"widget\" data-widget_type=\"heading.default\">\n\t\t\t\t<div class=\"elementor-widget-container\">\n\t\t\t\t\t<h2 class=\"elementor-heading-title elementor-size-default\">Dr. Gio<\/h2>\t\t\t\t<\/div>\n\t\t\t\t<\/div>\n\t\t\t\t<div class=\"elementor-element elementor-element-1798a16 elementor-widget-divider--view-line_text elementor-widget-divider--element-align-left exad-sticky-section-no exad-glass-effect-no elementor-invisible elementor-widget elementor-widget-divider\" data-id=\"1798a16\" data-element_type=\"widget\" data-e-type=\"widget\" data-settings=\"{&quot;_animation&quot;:&quot;fadeInRight&quot;,&quot;_animation_delay&quot;:200}\" data-widget_type=\"divider.default\">\n\t\t\t\t<div class=\"elementor-widget-container\">\n\t\t\t\t\t\t\t<div class=\"elementor-divider\">\n\t\t\t<span class=\"elementor-divider-separator\">\n\t\t\t\t\t\t\t<span class=\"elementor-divider__text elementor-divider__element\">\n\t\t\t\tWho I am\t\t\t\t<\/span>\n\t\t\t\t\t\t<\/span>\n\t\t<\/div>\n\t\t\t\t\t\t<\/div>\n\t\t\t\t<\/div>\n\t\t\t\t<div class=\"elementor-element elementor-element-c8be085 exad-sticky-section-no exad-glass-effect-no elementor-invisible elementor-widget elementor-widget-text-editor\" data-id=\"c8be085\" data-element_type=\"widget\" data-e-type=\"widget\" data-settings=\"{&quot;_animation&quot;:&quot;fadeInRight&quot;,&quot;_animation_delay&quot;:300}\" data-widget_type=\"text-editor.default\">\n\t\t\t\t<div class=\"elementor-widget-container\">\n\t\t\t\t\t\t\t\t\t<p>Morbi vel dui mi. Pellentesque malesuada congue ligula, id interdum libero interdum vel. Phasellus eget arcu quis dui feugiat viverra. Phasellus augue metus, eleifend ac dapibus sit amet, consectetur in justo. In sodales fermentum lectus non feugiat. Nunc vitae orci leo. Integer magna neque, posuere sit amet vulputate non, scelerisque quis augue. Interdum et malesuada fames ac ante ipsum primis in faucibus. Ut eu leo varius, commodo urna a, eleifend lacus. Aliquam ultrices pharetra enim, sit amet tempus felis lobortis rutrum. Fusce laoreet vel tellus nec luctus. Cras dignissim augue euismod nisl sagittis, quis iaculis massa pellentesque.<\/p><p>Nam hendrerit vehicula nulla eleifend semper. Nulla facilisi. Duis ac urna arcu. Etiam luctus sagittis venenatis. Nulla sed lacus magna. Sed molestie accumsan nisi ut mattis. Praesent nec facilisis nunc, non eleifend velit. Duis suscipit semper eros ut condimentum.<\/p>\t\t\t\t\t\t\t\t<\/div>\n\t\t\t\t<\/div>\n\t\t\t\t\t<\/div>\n\t\t<\/div>\n\t\t\t\t\t<\/div>\n\t\t<\/section>\n\t\t\t\t<section class=\"elementor-section elementor-top-section elementor-element elementor-element-085b031 elementor-section-boxed elementor-section-height-default elementor-section-height-default exad-glass-effect-no wpr-particle-no wpr-jarallax-no wpr-parallax-no wpr-sticky-section-no wpr-equal-height-no exad-sticky-section-no\" data-id=\"085b031\" data-element_type=\"section\" data-e-type=\"section\" data-settings=\"{&quot;background_background&quot;:&quot;classic&quot;}\">\n\t\t\t\t\t\t<div class=\"elementor-container elementor-column-gap-default\">\n\t\t\t\t\t<div class=\"elementor-column elementor-col-100 elementor-top-column elementor-element elementor-element-1c241c4 exad-glass-effect-no exad-sticky-section-no\" data-id=\"1c241c4\" data-element_type=\"column\" data-e-type=\"column\">\n\t\t\t<div class=\"elementor-widget-wrap elementor-element-populated\">\n\t\t\t\t\t\t<div class=\"elementor-element elementor-element-f34283c exad-sticky-section-no exad-glass-effect-no elementor-invisible elementor-widget elementor-widget-heading\" data-id=\"f34283c\" data-element_type=\"widget\" data-e-type=\"widget\" data-settings=\"{&quot;_animation&quot;:&quot;fadeInLeft&quot;}\" data-widget_type=\"heading.default\">\n\t\t\t\t<div class=\"elementor-widget-container\">\n\t\t\t\t\t<h2 class=\"elementor-heading-title elementor-size-default\">Gallery<\/h2>\t\t\t\t<\/div>\n\t\t\t\t<\/div>\n\t\t\t\t<div class=\"elementor-element elementor-element-6aa4790 elementor-widget-divider--view-line_icon elementor-view-default elementor-widget-divider--element-align-center exad-sticky-section-no exad-glass-effect-no elementor-widget elementor-widget-divider\" data-id=\"6aa4790\" data-element_type=\"widget\" data-e-type=\"widget\" data-widget_type=\"divider.default\">\n\t\t\t\t<div class=\"elementor-widget-container\">\n\t\t\t\t\t\t\t<div class=\"elementor-divider\">\n\t\t\t<span class=\"elementor-divider-separator\">\n\t\t\t\t\t\t\t<div class=\"elementor-icon elementor-divider__element\">\n\t\t\t\t\t<i aria-hidden=\"true\" class=\"fas fa-teeth\"><\/i><\/div>\n\t\t\t\t\t\t<\/span>\n\t\t<\/div>\n\t\t\t\t\t\t<\/div>\n\t\t\t\t<\/div>\n\t\t\t\t<div class=\"elementor-element elementor-element-4bf475a exad-sticky-section-no exad-glass-effect-no elementor-widget elementor-widget-gallery\" data-id=\"4bf475a\" data-element_type=\"widget\" data-e-type=\"widget\" data-settings=\"{&quot;aspect_ratio&quot;:&quot;1:1&quot;,&quot;columns_mobile&quot;:2,&quot;lazyload&quot;:&quot;yes&quot;,&quot;gallery_layout&quot;:&quot;grid&quot;,&quot;columns&quot;:4,&quot;columns_tablet&quot;:2,&quot;gap&quot;:{&quot;unit&quot;:&quot;px&quot;,&quot;size&quot;:10,&quot;sizes&quot;:[]},&quot;gap_tablet&quot;:{&quot;unit&quot;:&quot;px&quot;,&quot;size&quot;:10,&quot;sizes&quot;:[]},&quot;gap_mobile&quot;:{&quot;unit&quot;:&quot;px&quot;,&quot;size&quot;:10,&quot;sizes&quot;:[]},&quot;link_to&quot;:&quot;file&quot;,&quot;overlay_background&quot;:&quot;yes&quot;,&quot;content_hover_animation&quot;:&quot;fade-in&quot;}\" data-widget_type=\"gallery.default\">\n\t\t\t\t<div class=\"elementor-widget-container\">\n\t\t\t\t\t\t\t<div class=\"elementor-gallery__container\">\n\t\t\t\t\t\t\t<a class=\"e-gallery-item elementor-gallery-item elementor-animated-content\" href=\"https:\/\/ortoclin.co\/wp-content\/uploads\/2023\/02\/serv-01-min.jpg\" data-elementor-open-lightbox=\"yes\" data-elementor-lightbox-slideshow=\"4bf475a\" data-elementor-lightbox-title=\"serv-01-min\" data-e-action-hash=\"#elementor-action%3Aaction%3Dlightbox%26settings%3DeyJpZCI6ODg3LCJ1cmwiOiJodHRwczpcL1wvb3J0b2NsaW4uY29cL3dwLWNvbnRlbnRcL3VwbG9hZHNcLzIwMjNcLzAyXC9zZXJ2LTAxLW1pbi5qcGciLCJzbGlkZXNob3ciOiI0YmY0NzVhIn0%3D\">\n\t\t\t\t\t<div class=\"e-gallery-image elementor-gallery-item__image\" data-thumbnail=\"https:\/\/ortoclin.co\/wp-content\/uploads\/2023\/02\/serv-01-min-300x267.jpg\" data-width=\"300\" data-height=\"267\" aria-label=\"\" role=\"img\" ><\/div>\n\t\t\t\t\t\t\t\t\t\t\t<div class=\"elementor-gallery-item__overlay\"><\/div>\n\t\t\t\t\t\t\t\t\t\t\t\t\t\t<\/a>\n\t\t\t\t\t\t\t<a class=\"e-gallery-item elementor-gallery-item elementor-animated-content\" href=\"https:\/\/ortoclin.co\/wp-content\/uploads\/2023\/02\/serv-02-min.jpg\" data-elementor-open-lightbox=\"yes\" data-elementor-lightbox-slideshow=\"4bf475a\" data-elementor-lightbox-title=\"serv-02-min\" data-e-action-hash=\"#elementor-action%3Aaction%3Dlightbox%26settings%3DeyJpZCI6ODg4LCJ1cmwiOiJodHRwczpcL1wvb3J0b2NsaW4uY29cL3dwLWNvbnRlbnRcL3VwbG9hZHNcLzIwMjNcLzAyXC9zZXJ2LTAyLW1pbi5qcGciLCJzbGlkZXNob3ciOiI0YmY0NzVhIn0%3D\">\n\t\t\t\t\t<div class=\"e-gallery-image elementor-gallery-item__image\" data-thumbnail=\"https:\/\/ortoclin.co\/wp-content\/uploads\/2023\/02\/serv-02-min-300x267.jpg\" data-width=\"300\" data-height=\"267\" aria-label=\"\" role=\"img\" ><\/div>\n\t\t\t\t\t\t\t\t\t\t\t<div class=\"elementor-gallery-item__overlay\"><\/div>\n\t\t\t\t\t\t\t\t\t\t\t\t\t\t<\/a>\n\t\t\t\t\t\t\t<a class=\"e-gallery-item elementor-gallery-item elementor-animated-content\" href=\"https:\/\/ortoclin.co\/wp-content\/uploads\/2023\/02\/serv-03-min.jpg\" data-elementor-open-lightbox=\"yes\" data-elementor-lightbox-slideshow=\"4bf475a\" data-elementor-lightbox-title=\"serv-03-min\" data-e-action-hash=\"#elementor-action%3Aaction%3Dlightbox%26settings%3DeyJpZCI6ODg5LCJ1cmwiOiJodHRwczpcL1wvb3J0b2NsaW4uY29cL3dwLWNvbnRlbnRcL3VwbG9hZHNcLzIwMjNcLzAyXC9zZXJ2LTAzLW1pbi5qcGciLCJzbGlkZXNob3ciOiI0YmY0NzVhIn0%3D\">\n\t\t\t\t\t<div class=\"e-gallery-image elementor-gallery-item__image\" data-thumbnail=\"https:\/\/ortoclin.co\/wp-content\/uploads\/2023\/02\/serv-03-min-300x267.jpg\" data-width=\"300\" data-height=\"267\" aria-label=\"\" role=\"img\" ><\/div>\n\t\t\t\t\t\t\t\t\t\t\t<div class=\"elementor-gallery-item__overlay\"><\/div>\n\t\t\t\t\t\t\t\t\t\t\t\t\t\t<\/a>\n\t\t\t\t\t\t\t<a class=\"e-gallery-item elementor-gallery-item elementor-animated-content\" href=\"https:\/\/ortoclin.co\/wp-content\/uploads\/2023\/02\/serv-04-min.jpg\" data-elementor-open-lightbox=\"yes\" data-elementor-lightbox-slideshow=\"4bf475a\" data-elementor-lightbox-title=\"serv-04-min\" data-e-action-hash=\"#elementor-action%3Aaction%3Dlightbox%26settings%3DeyJpZCI6ODkwLCJ1cmwiOiJodHRwczpcL1wvb3J0b2NsaW4uY29cL3dwLWNvbnRlbnRcL3VwbG9hZHNcLzIwMjNcLzAyXC9zZXJ2LTA0LW1pbi5qcGciLCJzbGlkZXNob3ciOiI0YmY0NzVhIn0%3D\">\n\t\t\t\t\t<div class=\"e-gallery-image elementor-gallery-item__image\" data-thumbnail=\"https:\/\/ortoclin.co\/wp-content\/uploads\/2023\/02\/serv-04-min-252x300.jpg\" data-width=\"252\" data-height=\"300\" aria-label=\"\" role=\"img\" ><\/div>\n\t\t\t\t\t\t\t\t\t\t\t<div class=\"elementor-gallery-item__overlay\"><\/div>\n\t\t\t\t\t\t\t\t\t\t\t\t\t\t<\/a>\n\t\t\t\t\t\t\t<a class=\"e-gallery-item elementor-gallery-item elementor-animated-content\" href=\"https:\/\/ortoclin.co\/wp-content\/uploads\/2023\/02\/serv-05-min.jpg\" data-elementor-open-lightbox=\"yes\" data-elementor-lightbox-slideshow=\"4bf475a\" data-elementor-lightbox-title=\"serv-05-min\" data-e-action-hash=\"#elementor-action%3Aaction%3Dlightbox%26settings%3DeyJpZCI6ODkxLCJ1cmwiOiJodHRwczpcL1wvb3J0b2NsaW4uY29cL3dwLWNvbnRlbnRcL3VwbG9hZHNcLzIwMjNcLzAyXC9zZXJ2LTA1LW1pbi5qcGciLCJzbGlkZXNob3ciOiI0YmY0NzVhIn0%3D\">\n\t\t\t\t\t<div class=\"e-gallery-image elementor-gallery-item__image\" data-thumbnail=\"https:\/\/ortoclin.co\/wp-content\/uploads\/2023\/02\/serv-05-min-252x300.jpg\" data-width=\"252\" data-height=\"300\" aria-label=\"\" role=\"img\" ><\/div>\n\t\t\t\t\t\t\t\t\t\t\t<div class=\"elementor-gallery-item__overlay\"><\/div>\n\t\t\t\t\t\t\t\t\t\t\t\t\t\t<\/a>\n\t\t\t\t\t\t\t<a class=\"e-gallery-item elementor-gallery-item elementor-animated-content\" href=\"https:\/\/ortoclin.co\/wp-content\/uploads\/2023\/02\/serv-06-min.jpg\" data-elementor-open-lightbox=\"yes\" data-elementor-lightbox-slideshow=\"4bf475a\" data-elementor-lightbox-title=\"serv-06-min\" data-e-action-hash=\"#elementor-action%3Aaction%3Dlightbox%26settings%3DeyJpZCI6ODkyLCJ1cmwiOiJodHRwczpcL1wvb3J0b2NsaW4uY29cL3dwLWNvbnRlbnRcL3VwbG9hZHNcLzIwMjNcLzAyXC9zZXJ2LTA2LW1pbi5qcGciLCJzbGlkZXNob3ciOiI0YmY0NzVhIn0%3D\">\n\t\t\t\t\t<div class=\"e-gallery-image elementor-gallery-item__image\" data-thumbnail=\"https:\/\/ortoclin.co\/wp-content\/uploads\/2023\/02\/serv-06-min-252x300.jpg\" data-width=\"252\" data-height=\"300\" aria-label=\"\" role=\"img\" ><\/div>\n\t\t\t\t\t\t\t\t\t\t\t<div class=\"elementor-gallery-item__overlay\"><\/div>\n\t\t\t\t\t\t\t\t\t\t\t\t\t\t<\/a>\n\t\t\t\t\t\t\t<a class=\"e-gallery-item elementor-gallery-item elementor-animated-content\" href=\"https:\/\/ortoclin.co\/wp-content\/uploads\/2023\/02\/serv-07-min.jpg\" data-elementor-open-lightbox=\"yes\" data-elementor-lightbox-slideshow=\"4bf475a\" data-elementor-lightbox-title=\"serv-07-min\" data-e-action-hash=\"#elementor-action%3Aaction%3Dlightbox%26settings%3DeyJpZCI6ODkzLCJ1cmwiOiJodHRwczpcL1wvb3J0b2NsaW4uY29cL3dwLWNvbnRlbnRcL3VwbG9hZHNcLzIwMjNcLzAyXC9zZXJ2LTA3LW1pbi5qcGciLCJzbGlkZXNob3ciOiI0YmY0NzVhIn0%3D\">\n\t\t\t\t\t<div class=\"e-gallery-image elementor-gallery-item__image\" data-thumbnail=\"https:\/\/ortoclin.co\/wp-content\/uploads\/2023\/02\/serv-07-min-252x300.jpg\" data-width=\"252\" data-height=\"300\" aria-label=\"\" role=\"img\" ><\/div>\n\t\t\t\t\t\t\t\t\t\t\t<div class=\"elementor-gallery-item__overlay\"><\/div>\n\t\t\t\t\t\t\t\t\t\t\t\t\t\t<\/a>\n\t\t\t\t\t\t\t<a class=\"e-gallery-item elementor-gallery-item elementor-animated-content\" href=\"https:\/\/ortoclin.co\/wp-content\/uploads\/2023\/02\/social-01-min.jpg\" data-elementor-open-lightbox=\"yes\" data-elementor-lightbox-slideshow=\"4bf475a\" data-elementor-lightbox-title=\"social-01-min\" data-e-action-hash=\"#elementor-action%3Aaction%3Dlightbox%26settings%3DeyJpZCI6ODk0LCJ1cmwiOiJodHRwczpcL1wvb3J0b2NsaW4uY29cL3dwLWNvbnRlbnRcL3VwbG9hZHNcLzIwMjNcLzAyXC9zb2NpYWwtMDEtbWluLmpwZyIsInNsaWRlc2hvdyI6IjRiZjQ3NWEifQ%3D%3D\">\n\t\t\t\t\t<div class=\"e-gallery-image elementor-gallery-item__image\" data-thumbnail=\"https:\/\/ortoclin.co\/wp-content\/uploads\/2023\/02\/social-01-min-300x278.jpg\" data-width=\"300\" data-height=\"278\" aria-label=\"\" role=\"img\" ><\/div>\n\t\t\t\t\t\t\t\t\t\t\t<div class=\"elementor-gallery-item__overlay\"><\/div>\n\t\t\t\t\t\t\t\t\t\t\t\t\t\t<\/a>\n\t\t\t\t\t\t\t<a class=\"e-gallery-item elementor-gallery-item elementor-animated-content\" href=\"https:\/\/ortoclin.co\/wp-content\/uploads\/2023\/02\/social-02-min.jpg\" data-elementor-open-lightbox=\"yes\" data-elementor-lightbox-slideshow=\"4bf475a\" data-elementor-lightbox-title=\"social-02-min\" data-e-action-hash=\"#elementor-action%3Aaction%3Dlightbox%26settings%3DeyJpZCI6ODk1LCJ1cmwiOiJodHRwczpcL1wvb3J0b2NsaW4uY29cL3dwLWNvbnRlbnRcL3VwbG9hZHNcLzIwMjNcLzAyXC9zb2NpYWwtMDItbWluLmpwZyIsInNsaWRlc2hvdyI6IjRiZjQ3NWEifQ%3D%3D\">\n\t\t\t\t\t<div class=\"e-gallery-image elementor-gallery-item__image\" data-thumbnail=\"https:\/\/ortoclin.co\/wp-content\/uploads\/2023\/02\/social-02-min-300x278.jpg\" data-width=\"300\" data-height=\"278\" aria-label=\"\" role=\"img\" ><\/div>\n\t\t\t\t\t\t\t\t\t\t\t<div class=\"elementor-gallery-item__overlay\"><\/div>\n\t\t\t\t\t\t\t\t\t\t\t\t\t\t<\/a>\n\t\t\t\t\t\t\t<a class=\"e-gallery-item elementor-gallery-item elementor-animated-content\" href=\"https:\/\/ortoclin.co\/wp-content\/uploads\/2023\/02\/social-03-min.jpg\" data-elementor-open-lightbox=\"yes\" data-elementor-lightbox-slideshow=\"4bf475a\" data-elementor-lightbox-title=\"social-03-min\" data-e-action-hash=\"#elementor-action%3Aaction%3Dlightbox%26settings%3DeyJpZCI6ODk2LCJ1cmwiOiJodHRwczpcL1wvb3J0b2NsaW4uY29cL3dwLWNvbnRlbnRcL3VwbG9hZHNcLzIwMjNcLzAyXC9zb2NpYWwtMDMtbWluLmpwZyIsInNsaWRlc2hvdyI6IjRiZjQ3NWEifQ%3D%3D\">\n\t\t\t\t\t<div class=\"e-gallery-image elementor-gallery-item__image\" data-thumbnail=\"https:\/\/ortoclin.co\/wp-content\/uploads\/2023\/02\/social-03-min-300x278.jpg\" data-width=\"300\" data-height=\"278\" aria-label=\"\" role=\"img\" ><\/div>\n\t\t\t\t\t\t\t\t\t\t\t<div class=\"elementor-gallery-item__overlay\"><\/div>\n\t\t\t\t\t\t\t\t\t\t\t\t\t\t<\/a>\n\t\t\t\t\t\t\t<a class=\"e-gallery-item elementor-gallery-item elementor-animated-content\" href=\"https:\/\/ortoclin.co\/wp-content\/uploads\/2023\/02\/social-04-min.jpg\" data-elementor-open-lightbox=\"yes\" data-elementor-lightbox-slideshow=\"4bf475a\" data-elementor-lightbox-title=\"social-04-min\" data-e-action-hash=\"#elementor-action%3Aaction%3Dlightbox%26settings%3DeyJpZCI6ODk3LCJ1cmwiOiJodHRwczpcL1wvb3J0b2NsaW4uY29cL3dwLWNvbnRlbnRcL3VwbG9hZHNcLzIwMjNcLzAyXC9zb2NpYWwtMDQtbWluLmpwZyIsInNsaWRlc2hvdyI6IjRiZjQ3NWEifQ%3D%3D\">\n\t\t\t\t\t<div class=\"e-gallery-image elementor-gallery-item__image\" data-thumbnail=\"https:\/\/ortoclin.co\/wp-content\/uploads\/2023\/02\/social-04-min-300x278.jpg\" data-width=\"300\" data-height=\"278\" aria-label=\"\" role=\"img\" ><\/div>\n\t\t\t\t\t\t\t\t\t\t\t<div class=\"elementor-gallery-item__overlay\"><\/div>\n\t\t\t\t\t\t\t\t\t\t\t\t\t\t<\/a>\n\t\t\t\t\t\t\t<a class=\"e-gallery-item elementor-gallery-item elementor-animated-content\" href=\"https:\/\/ortoclin.co\/wp-content\/uploads\/2022\/09\/img-17-min-min.jpg\" data-elementor-open-lightbox=\"yes\" data-elementor-lightbox-slideshow=\"4bf475a\" data-elementor-lightbox-title=\"img-17-min-min\" data-e-action-hash=\"#elementor-action%3Aaction%3Dlightbox%26settings%3DeyJpZCI6MjQ0LCJ1cmwiOiJodHRwczpcL1wvb3J0b2NsaW4uY29cL3dwLWNvbnRlbnRcL3VwbG9hZHNcLzIwMjJcLzA5XC9pbWctMTctbWluLW1pbi5qcGciLCJzbGlkZXNob3ciOiI0YmY0NzVhIn0%3D\">\n\t\t\t\t\t<div class=\"e-gallery-image elementor-gallery-item__image\" data-thumbnail=\"https:\/\/ortoclin.co\/wp-content\/uploads\/2022\/09\/img-17-min-min-300x120.jpg\" data-width=\"300\" data-height=\"120\" aria-label=\"\" role=\"img\" ><\/div>\n\t\t\t\t\t\t\t\t\t\t\t<div class=\"elementor-gallery-item__overlay\"><\/div>\n\t\t\t\t\t\t\t\t\t\t\t\t\t\t<\/a>\n\t\t\t\t\t<\/div>\n\t\t\t\t\t<\/div>\n\t\t\t\t<\/div>\n\t\t\t\t\t<\/div>\n\t\t<\/div>\n\t\t\t\t\t<\/div>\n\t\t<\/section>\n\t\t\t\t<\/div>","protected":false},"excerpt":{"rendered":"<p>ORTOCLIN LOVERS https:\/\/ortoclin.co\/wp-content\/uploads\/2023\/02\/Logo-Ortoclin_-Animado.mp4 Somos una empresa prestadora de servicios de salud oral, que busca satisfacci\u00f3n de sus pacientes, basados en tecnolog\u00eda innovadora, atenci\u00f3n humanizada y materiales de la m\u00e1s alta calidad. Nuestra visi\u00f3n es ser en el 2024 la cl\u00ednica odontol\u00f3gica l\u00edder en el Valle del Aburr\u00e1, cumpliendo los requisitos m\u00e1ximos de excelencia, para satisfacer las necesidades de nuestros pacientes. Dr. Gio Quien soy Morbi vel dui mi. Pellentesque malesuada congue ligula, id interdum libero interdum vel. Phasellus eget arcu quis dui feugiat viverra. Phasellus augue metus, eleifend ac dapibus sit amet, consectetur in justo. In sodales fermentum lectus non feugiat. Nunc vitae orci leo. Integer magna neque, posuere sit amet vulputate non, scelerisque quis augue. Interdum et malesuada fames ac ante ipsum primis in faucibus. Ut eu leo varius, commodo urna a, eleifend lacus. Aliquam ultrices pharetra enim, sit amet tempus felis lobortis rutrum. Fusce laoreet vel tellus nec luctus. Cras dignissim augue euismod nisl sagittis, quis iaculis massa pellentesque. Nam hendrerit vehicula nulla eleifend semper. Nulla facilisi. Duis ac urna arcu. Etiam luctus sagittis venenatis. Nulla sed lacus magna. Sed molestie accumsan nisi ut mattis. Praesent nec facilisis nunc, non eleifend velit. Duis suscipit semper eros ut condimentum. Galer\u00eda<\/p>","protected":false},"author":1,"featured_media":0,"parent":0,"menu_order":0,"comment_status":"closed","ping_status":"closed","template":"elementor_canvas","meta":{"_joinchat":[],"footnotes":""},"class_list":["post-367","page","type-page","status-publish","hentry"],"_links":{"self":[{"href":"https:\/\/ortoclin.co\/extranjero\/wp-json\/wp\/v2\/pages\/367","targetHints":{"allow":["GET"]}}],"collection":[{"href":"https:\/\/ortoclin.co\/extranjero\/wp-json\/wp\/v2\/pages"}],"about":[{"href":"https:\/\/ortoclin.co\/extranjero\/wp-json\/wp\/v2\/types\/page"}],"author":[{"embeddable":true,"href":"https:\/\/ortoclin.co\/extranjero\/wp-json\/wp\/v2\/users\/1"}],"replies":[{"embeddable":true,"href":"https:\/\/ortoclin.co\/extranjero\/wp-json\/wp\/v2\/comments?post=367"}],"version-history":[{"count":0,"href":"https:\/\/ortoclin.co\/extranjero\/wp-json\/wp\/v2\/pages\/367\/revisions"}],"wp:attachment":[{"href":"https:\/\/ortoclin.co\/extranjero\/wp-json\/wp\/v2\/media?parent=367"}],"curies":[{"name":"wp","href":"https:\/\/api.w.org\/{rel}","templated":true}]}}