{"id":1642,"date":"2023-03-01T20:18:02","date_gmt":"2023-03-01T20:18:02","guid":{"rendered":"https:\/\/ortoclin.co\/embajadores-copy\/"},"modified":"2024-04-18T18:10:56","modified_gmt":"2024-04-18T18:10:56","slug":"turismo","status":"publish","type":"page","link":"https:\/\/ortoclin.co\/es-extranjero\/turismo\/","title":{"rendered":"Turismo"},"content":{"rendered":"<div data-elementor-type=\"wp-page\" data-elementor-id=\"1642\" class=\"elementor elementor-1642\" data-elementor-post-type=\"page\">\n\t\t\t\t\t\t<section class=\"elementor-section elementor-top-section elementor-element elementor-element-5b8ee15 elementor-section-height-min-height elementor-section-boxed elementor-section-height-default elementor-section-items-middle exad-glass-effect-no wpr-particle-no wpr-jarallax-no wpr-parallax-no wpr-sticky-section-no wpr-equal-height-no exad-sticky-section-no\" data-id=\"5b8ee15\" data-element_type=\"section\" data-e-type=\"section\" data-settings=\"{&quot;background_background&quot;:&quot;classic&quot;}\">\n\t\t\t\t\t\t\t<div class=\"elementor-background-overlay\"><\/div>\n\t\t\t\t\t\t\t<div class=\"elementor-container elementor-column-gap-default\">\n\t\t\t\t\t<div class=\"elementor-column elementor-col-100 elementor-top-column elementor-element elementor-element-20c0ab4 exad-glass-effect-no exad-sticky-section-no\" data-id=\"20c0ab4\" data-element_type=\"column\" data-e-type=\"column\">\n\t\t\t<div class=\"elementor-widget-wrap elementor-element-populated\">\n\t\t\t\t\t\t<div class=\"elementor-element elementor-element-f5f6231 exad-sticky-section-no exad-glass-effect-no elementor-invisible elementor-widget elementor-widget-heading\" data-id=\"f5f6231\" data-element_type=\"widget\" data-e-type=\"widget\" data-settings=\"{&quot;_animation&quot;:&quot;fadeInLeft&quot;}\" data-widget_type=\"heading.default\">\n\t\t\t\t<div class=\"elementor-widget-container\">\n\t\t\t\t\t<h2 class=\"elementor-heading-title elementor-size-default\">Turismo<\/h2>\t\t\t\t<\/div>\n\t\t\t\t<\/div>\n\t\t\t\t\t<\/div>\n\t\t<\/div>\n\t\t\t\t\t<\/div>\n\t\t<\/section>\n\t\t\t\t<section class=\"elementor-section elementor-top-section elementor-element elementor-element-e456e93 elementor-section-height-min-height elementor-section-items-stretch elementor-section-content-middle elementor-reverse-tablet elementor-reverse-mobile elementor-section-boxed elementor-section-height-default exad-glass-effect-no wpr-particle-no wpr-jarallax-no wpr-parallax-no wpr-sticky-section-no wpr-equal-height-no exad-sticky-section-no\" data-id=\"e456e93\" data-element_type=\"section\" data-e-type=\"section\" data-settings=\"{&quot;background_background&quot;:&quot;classic&quot;}\">\n\t\t\t\t\t\t\t<div class=\"elementor-background-overlay\"><\/div>\n\t\t\t\t\t\t\t<div class=\"elementor-container elementor-column-gap-default\">\n\t\t\t\t\t<div class=\"elementor-column elementor-col-100 elementor-top-column elementor-element elementor-element-164ba3d exad-glass-effect-no exad-sticky-section-no\" data-id=\"164ba3d\" data-element_type=\"column\" data-e-type=\"column\">\n\t\t\t<div class=\"elementor-widget-wrap elementor-element-populated\">\n\t\t\t\t\t\t<div class=\"elementor-element elementor-element-686b2bc exad-sticky-section-no exad-glass-effect-no elementor-widget elementor-widget-heading\" data-id=\"686b2bc\" data-element_type=\"widget\" data-e-type=\"widget\" data-widget_type=\"heading.default\">\n\t\t\t\t<div class=\"elementor-widget-container\">\n\t\t\t\t\t<h2 class=\"elementor-heading-title elementor-size-default\">Colombia se ha convertido en el pa\u00eds mas atractivo del mundo para los turistas que desean viajar a a Realizarse procedimientos cl\u00ednicos y est\u00e9ticos de alta calidad.\n<\/h2>\t\t\t\t<\/div>\n\t\t\t\t<\/div>\n\t\t\t\t\t<\/div>\n\t\t<\/div>\n\t\t\t\t\t<\/div>\n\t\t<\/section>\n\t\t\t\t<section class=\"elementor-section elementor-top-section elementor-element elementor-element-07e7a3a elementor-section-boxed elementor-section-height-default elementor-section-height-default exad-glass-effect-no wpr-particle-no wpr-jarallax-no wpr-parallax-no wpr-sticky-section-no wpr-equal-height-no exad-sticky-section-no\" data-id=\"07e7a3a\" data-element_type=\"section\" data-e-type=\"section\" data-settings=\"{&quot;background_background&quot;:&quot;classic&quot;}\">\n\t\t\t\t\t\t<div class=\"elementor-container elementor-column-gap-default\">\n\t\t\t\t\t<div class=\"elementor-column elementor-col-100 elementor-top-column elementor-element elementor-element-34178f6 exad-glass-effect-no exad-sticky-section-no\" data-id=\"34178f6\" data-element_type=\"column\" data-e-type=\"column\">\n\t\t\t<div class=\"elementor-widget-wrap elementor-element-populated\">\n\t\t\t\t\t\t<section class=\"elementor-section elementor-inner-section elementor-element elementor-element-44d1bfd elementor-section-boxed elementor-section-height-default elementor-section-height-default exad-glass-effect-no wpr-particle-no wpr-jarallax-no wpr-parallax-no wpr-sticky-section-no wpr-equal-height-no exad-sticky-section-no\" data-id=\"44d1bfd\" data-element_type=\"section\" data-e-type=\"section\">\n\t\t\t\t\t\t<div class=\"elementor-container elementor-column-gap-default\">\n\t\t\t\t\t<div class=\"elementor-column elementor-col-50 elementor-inner-column elementor-element elementor-element-9caeed1 exad-glass-effect-no exad-sticky-section-no\" data-id=\"9caeed1\" data-element_type=\"column\" data-e-type=\"column\">\n\t\t\t<div class=\"elementor-widget-wrap elementor-element-populated\">\n\t\t\t\t\t\t<div class=\"elementor-element elementor-element-5310ee2 exad-sticky-section-no exad-glass-effect-no elementor-widget elementor-widget-video\" data-id=\"5310ee2\" data-element_type=\"widget\" data-e-type=\"widget\" data-settings=\"{&quot;youtube_url&quot;:&quot;https:\\\/\\\/www.youtube.com\\\/watch?v=tYftlmp3PYQ&quot;,&quot;video_type&quot;:&quot;youtube&quot;,&quot;controls&quot;:&quot;yes&quot;}\" data-widget_type=\"video.default\">\n\t\t\t\t<div class=\"elementor-widget-container\">\n\t\t\t\t\t\t\t<div class=\"elementor-wrapper elementor-open-inline\">\n\t\t\t<div class=\"elementor-video\"><\/div>\t\t<\/div>\n\t\t\t\t\t\t<\/div>\n\t\t\t\t<\/div>\n\t\t\t\t<div class=\"elementor-element elementor-element-59ae893 exad-sticky-section-no exad-glass-effect-no elementor-widget elementor-widget-video\" data-id=\"59ae893\" data-element_type=\"widget\" data-e-type=\"widget\" data-settings=\"{&quot;youtube_url&quot;:&quot;https:\\\/\\\/www.youtube.com\\\/watch?v=9iiPMlSRhbo&quot;,&quot;video_type&quot;:&quot;youtube&quot;,&quot;controls&quot;:&quot;yes&quot;}\" data-widget_type=\"video.default\">\n\t\t\t\t<div class=\"elementor-widget-container\">\n\t\t\t\t\t\t\t<div class=\"elementor-wrapper elementor-open-inline\">\n\t\t\t<div class=\"elementor-video\"><\/div>\t\t<\/div>\n\t\t\t\t\t\t<\/div>\n\t\t\t\t<\/div>\n\t\t\t\t\t<\/div>\n\t\t<\/div>\n\t\t\t\t<div class=\"elementor-column elementor-col-50 elementor-inner-column elementor-element elementor-element-5110bbb exad-glass-effect-no exad-sticky-section-no\" data-id=\"5110bbb\" data-element_type=\"column\" data-e-type=\"column\">\n\t\t\t<div class=\"elementor-widget-wrap elementor-element-populated\">\n\t\t\t\t\t\t<div class=\"elementor-element elementor-element-b79daec exad-sticky-section-no exad-glass-effect-no elementor-widget elementor-widget-text-editor\" data-id=\"b79daec\" data-element_type=\"widget\" data-e-type=\"widget\" data-widget_type=\"text-editor.default\">\n\t\t\t\t<div class=\"elementor-widget-container\">\n\t\t\t\t\t\t\t\t\t<p>Colombia se ha convertido en un destino destacado para los procedimientos odontol\u00f3gicos, especialmente el dise\u00f1o de sonrisa, por varias razones que han sido reconocidas tanto en revistas nacionales como internacionales.<\/p><p><strong>Reputaci\u00f3n de Profesionales:<\/strong> Los odont\u00f3logos colombianos son reconocidos por su alta calidad y excelencia en el campo de la odontolog\u00eda est\u00e9tica.<br \/><br \/><strong>Costos Competitivos:<\/strong> En comparaci\u00f3n con otros pa\u00edses, los costos de los procedimientos odontol\u00f3gicos en Colombia son m\u00e1s competitivos, lo que atrae a pacientes internacionales en busca de calidad a precios accesibles.<br \/><br \/><strong>Turismo M\u00e9dico:<\/strong> Colombia se ha posicionado como un destino de turismo m\u00e9dico, y la odontolog\u00eda no es una excepci\u00f3n.<br \/><br \/><strong>Resultados Est\u00e9ticos:<\/strong> Los pacientes que han optado por procedimientos de dise\u00f1o de sonrisa en Colombia han elogiado los resultados est\u00e9ticos naturales y satisfactorios.<br \/><br \/>En resumen, Colombia ha ganado reconocimiento internacional como un destino destacado para procedimientos odontol\u00f3gicos, especialmente el dise\u00f1o de sonrisa, debido a la reputaci\u00f3n de sus profesionales, la tecnolog\u00eda avanzada, los costos competitivos, el turismo m\u00e9dico y los resultados est\u00e9ticos sobresalientes.<\/p>\t\t\t\t\t\t\t\t<\/div>\n\t\t\t\t<\/div>\n\t\t\t\t\t<\/div>\n\t\t<\/div>\n\t\t\t\t\t<\/div>\n\t\t<\/section>\n\t\t\t\t<div class=\"elementor-element elementor-element-762cb3e elementor-widget-divider--view-line_icon elementor-view-default elementor-widget-divider--element-align-center exad-sticky-section-no exad-glass-effect-no elementor-invisible elementor-widget elementor-widget-divider\" data-id=\"762cb3e\" data-element_type=\"widget\" data-e-type=\"widget\" data-settings=\"{&quot;_animation&quot;:&quot;fadeInLeft&quot;,&quot;_animation_delay&quot;:300}\" data-widget_type=\"divider.default\">\n\t\t\t\t<div class=\"elementor-widget-container\">\n\t\t\t\t\t\t\t<div class=\"elementor-divider\">\n\t\t\t<span class=\"elementor-divider-separator\">\n\t\t\t\t\t\t\t<div class=\"elementor-icon elementor-divider__element\">\n\t\t\t\t\t<i aria-hidden=\"true\" class=\"remixicon ri-check-line\"><\/i><\/div>\n\t\t\t\t\t\t<\/span>\n\t\t<\/div>\n\t\t\t\t\t\t<\/div>\n\t\t\t\t<\/div>\n\t\t\t\t<section class=\"elementor-section elementor-inner-section elementor-element elementor-element-362e7fe elementor-reverse-tablet elementor-reverse-mobile elementor-section-boxed elementor-section-height-default elementor-section-height-default exad-glass-effect-no wpr-particle-no wpr-jarallax-no wpr-parallax-no wpr-sticky-section-no wpr-equal-height-no exad-sticky-section-no\" data-id=\"362e7fe\" data-element_type=\"section\" data-e-type=\"section\">\n\t\t\t\t\t\t<div class=\"elementor-container elementor-column-gap-default\">\n\t\t\t\t\t<div class=\"elementor-column elementor-col-50 elementor-inner-column elementor-element elementor-element-82152fa exad-glass-effect-no exad-sticky-section-no\" data-id=\"82152fa\" data-element_type=\"column\" data-e-type=\"column\">\n\t\t\t<div class=\"elementor-widget-wrap elementor-element-populated\">\n\t\t\t\t\t\t<div class=\"elementor-element elementor-element-6e479cb exad-sticky-section-no exad-glass-effect-no elementor-widget elementor-widget-text-editor\" data-id=\"6e479cb\" data-element_type=\"widget\" data-e-type=\"widget\" data-widget_type=\"text-editor.default\">\n\t\t\t\t<div class=\"elementor-widget-container\">\n\t\t\t\t\t\t\t\t\t<p>En 2018, m\u00e1s de 4,3 millones de viajeros llegaron a Colombia, seg\u00fan el Ministerio de Comercio, Industria y Turismo (MinCIT). Una cifra r\u00e9cord para el turismo nacional.<\/p><p>Los turistas llegan a Colombia en busca de chequeos m\u00e9dicos con especialistas en odontologia, oncolog\u00eda, cardiolog\u00eda, pediatr\u00eda, neurolog\u00eda, y procedimientos est\u00e9ticos. El negocio est\u00e1 en auge. Seg\u00fan la gu\u00eda tur\u00edstica m\u00e9dica Patients Beyond Borders (Pacientes m\u00e1s all\u00e1 de las fronteras), unos 20 millones de personas en el mundo hacen este tipo de viajes. De ellos, 1,9 proceden de Estados Unidos.<\/p><p>Un estudio del Global Wellness Tourism Economy Report estima que un visitante con fines m\u00e9dicos gasta en promedio 1.639 d\u00f3lares, 130 por ciento m\u00e1s que el turista tradicional. Pero el boom en Colombia no solo lo genera la diferencia de precios en servicios m\u00e9dicos y hospitalarios, que representan entre 35 y 60 por ciento menos. Tambi\u00e9n juega en el negocio la calidad de los profesionales nacionales, la infraestructura hospitalaria y una atenci\u00f3n a la altura de las mejores instituciones del mundo. Cinco hospitales, cl\u00ednicas y centros de salud del pa\u00eds cuentan con la acreditaci\u00f3n Joint Commissions International, la entidad mundial con m\u00e1s experiencia en acreditaci\u00f3n sanitaria y que en la actualidad acredita cerca de 20.000 organizaciones. Asimismo, 23 instituciones m\u00e9dicas del pa\u00eds est\u00e1n ranqueadas entre las 58 mejores de Am\u00e9rica Latina, de acuerdo con el r\u00e1nking de la revista Am\u00e9rica Econom\u00eda.<\/p>\t\t\t\t\t\t\t\t<\/div>\n\t\t\t\t<\/div>\n\t\t\t\t\t<\/div>\n\t\t<\/div>\n\t\t\t\t<div class=\"elementor-column elementor-col-50 elementor-inner-column elementor-element elementor-element-ec357e9 exad-glass-effect-no exad-sticky-section-no\" data-id=\"ec357e9\" data-element_type=\"column\" data-e-type=\"column\">\n\t\t\t<div class=\"elementor-widget-wrap elementor-element-populated\">\n\t\t\t\t\t\t<div class=\"elementor-element elementor-element-a0af47f exad-sticky-section-no exad-glass-effect-no elementor-widget elementor-widget-image\" data-id=\"a0af47f\" data-element_type=\"widget\" data-e-type=\"widget\" data-widget_type=\"image.default\">\n\t\t\t\t<div class=\"elementor-widget-container\">\n\t\t\t\t\t\t\t\t\t\t\t\t\t\t\t<img fetchpriority=\"high\" decoding=\"async\" width=\"654\" height=\"1024\" src=\"https:\/\/ortoclin.co\/wp-content\/uploads\/2023\/10\/imagen-vertical-Big-900-min-654x1024.jpg\" class=\"attachment-large size-large wp-image-2509\" alt=\"\" srcset=\"https:\/\/ortoclin.co\/wp-content\/uploads\/2023\/10\/imagen-vertical-Big-900-min-654x1024.jpg 654w, https:\/\/ortoclin.co\/wp-content\/uploads\/2023\/10\/imagen-vertical-Big-900-min-192x300.jpg 192w, https:\/\/ortoclin.co\/wp-content\/uploads\/2023\/10\/imagen-vertical-Big-900-min-768x1202.jpg 768w, https:\/\/ortoclin.co\/wp-content\/uploads\/2023\/10\/imagen-vertical-Big-900-min-981x1536.jpg 981w, https:\/\/ortoclin.co\/wp-content\/uploads\/2023\/10\/imagen-vertical-Big-900-min-8x12.jpg 8w, https:\/\/ortoclin.co\/wp-content\/uploads\/2023\/10\/imagen-vertical-Big-900-min.jpg 1022w\" sizes=\"(max-width: 654px) 100vw, 654px\" \/>\t\t\t\t\t\t\t\t\t\t\t\t\t\t\t<\/div>\n\t\t\t\t<\/div>\n\t\t\t\t\t<\/div>\n\t\t<\/div>\n\t\t\t\t\t<\/div>\n\t\t<\/section>\n\t\t\t\t\t<\/div>\n\t\t<\/div>\n\t\t\t\t\t<\/div>\n\t\t<\/section>\n\t\t\t\t<section class=\"elementor-section elementor-top-section elementor-element elementor-element-a28d909 elementor-section-boxed elementor-section-height-default elementor-section-height-default exad-glass-effect-no wpr-particle-no wpr-jarallax-no wpr-parallax-no wpr-sticky-section-no wpr-equal-height-no exad-sticky-section-no\" data-id=\"a28d909\" data-element_type=\"section\" data-e-type=\"section\" data-settings=\"{&quot;background_background&quot;:&quot;classic&quot;}\">\n\t\t\t\t\t\t\t<div class=\"elementor-background-overlay\"><\/div>\n\t\t\t\t\t\t\t<div class=\"elementor-container elementor-column-gap-default\">\n\t\t\t\t\t<div class=\"elementor-column elementor-col-100 elementor-top-column elementor-element elementor-element-f9679b4 exad-glass-effect-no exad-sticky-section-no\" data-id=\"f9679b4\" data-element_type=\"column\" data-e-type=\"column\">\n\t\t\t<div class=\"elementor-widget-wrap elementor-element-populated\">\n\t\t\t\t\t\t<section class=\"elementor-section elementor-inner-section elementor-element elementor-element-06b2b8d elementor-section-boxed elementor-section-height-default elementor-section-height-default exad-glass-effect-no wpr-particle-no wpr-jarallax-no wpr-parallax-no wpr-sticky-section-no wpr-equal-height-no exad-sticky-section-no\" data-id=\"06b2b8d\" data-element_type=\"section\" data-e-type=\"section\">\n\t\t\t\t\t\t<div class=\"elementor-container elementor-column-gap-default\">\n\t\t\t\t\t<div class=\"elementor-column elementor-col-100 elementor-inner-column elementor-element elementor-element-6374f0c exad-glass-effect-no exad-sticky-section-no\" data-id=\"6374f0c\" data-element_type=\"column\" data-e-type=\"column\">\n\t\t\t<div class=\"elementor-widget-wrap elementor-element-populated\">\n\t\t\t\t\t\t<div class=\"elementor-element elementor-element-37b330a exad-sticky-section-no exad-glass-effect-no elementor-widget elementor-widget-heading\" data-id=\"37b330a\" data-element_type=\"widget\" data-e-type=\"widget\" data-widget_type=\"heading.default\">\n\t\t\t\t<div class=\"elementor-widget-container\">\n\t\t\t\t\t<h2 class=\"elementor-heading-title elementor-size-default\">Ademas nosotros le contamos otras razones por las que deberia pensar en venir a Colombia\n<br>\nSi estas listo solo debes ver el siguiente video:<\/h2>\t\t\t\t<\/div>\n\t\t\t\t<\/div>\n\t\t\t\t\t<\/div>\n\t\t<\/div>\n\t\t\t\t\t<\/div>\n\t\t<\/section>\n\t\t\t\t<section class=\"elementor-section elementor-inner-section elementor-element elementor-element-ceba853 elementor-reverse-tablet elementor-reverse-mobile elementor-section-boxed elementor-section-height-default elementor-section-height-default exad-glass-effect-no wpr-particle-no wpr-jarallax-no wpr-parallax-no wpr-sticky-section-no wpr-equal-height-no exad-sticky-section-no\" data-id=\"ceba853\" data-element_type=\"section\" data-e-type=\"section\">\n\t\t\t\t\t\t<div class=\"elementor-container elementor-column-gap-default\">\n\t\t\t\t\t<div class=\"elementor-column elementor-col-50 elementor-inner-column elementor-element elementor-element-3caf6d8 exad-glass-effect-no exad-sticky-section-no\" data-id=\"3caf6d8\" data-element_type=\"column\" data-e-type=\"column\">\n\t\t\t<div class=\"elementor-widget-wrap elementor-element-populated\">\n\t\t\t\t\t\t<div class=\"elementor-element elementor-element-7fb359c exad-sticky-section-no exad-glass-effect-no elementor-widget elementor-widget-text-editor\" data-id=\"7fb359c\" data-element_type=\"widget\" data-e-type=\"widget\" data-widget_type=\"text-editor.default\">\n\t\t\t\t<div class=\"elementor-widget-container\">\n\t\t\t\t\t\t\t\t\t<p><strong>\u00bfPor qu\u00e9 escoger a Medell\u00edn para turismo dental?<br \/><br \/><\/strong><\/p><p>A medida que aumenta el costo de la atenci\u00f3n dental en Europa y Norteam\u00e9rica, cada vez son m\u00e1s las personas que buscan en otros pa\u00edses satisfacer sus necesidades de salud dental.<\/p><p>La salud es un servicio cada vez m\u00e1s demandado por las personas que hacen turismo en la ciudad de Medell\u00edn, con especial inter\u00e9s en visitar una una cl\u00ednica dental en Medell\u00edn Colombia , numerosos turistas han apostado por los servicios de odontolog\u00eda general y est\u00e9tica ofrecidos en Medell\u00edn porque re\u00fane las mejores condiciones, lo que la convierte en una potencia internacional del turismo de salud, (una sanidad de reconocido prestigio en el mundo y una gran tradici\u00f3n tur\u00edstica).<\/p><p><strong>\u00a0<\/strong><\/p>\t\t\t\t\t\t\t\t<\/div>\n\t\t\t\t<\/div>\n\t\t\t\t\t<\/div>\n\t\t<\/div>\n\t\t\t\t<div class=\"elementor-column elementor-col-50 elementor-inner-column elementor-element elementor-element-7912a65 exad-glass-effect-no exad-sticky-section-no\" data-id=\"7912a65\" data-element_type=\"column\" data-e-type=\"column\">\n\t\t\t<div class=\"elementor-widget-wrap elementor-element-populated\">\n\t\t\t\t\t\t<div class=\"elementor-element elementor-element-4d71459 exad-sticky-section-no exad-glass-effect-no elementor-widget elementor-widget-video\" data-id=\"4d71459\" data-element_type=\"widget\" data-e-type=\"widget\" data-settings=\"{&quot;youtube_url&quot;:&quot;https:\\\/\\\/www.youtube.com\\\/watch?v=0NPssz-L4gk&quot;,&quot;video_type&quot;:&quot;youtube&quot;,&quot;controls&quot;:&quot;yes&quot;}\" data-widget_type=\"video.default\">\n\t\t\t\t<div class=\"elementor-widget-container\">\n\t\t\t\t\t\t\t<div class=\"elementor-wrapper elementor-open-inline\">\n\t\t\t<div class=\"elementor-video\"><\/div>\t\t<\/div>\n\t\t\t\t\t\t<\/div>\n\t\t\t\t<\/div>\n\t\t\t\t<div class=\"elementor-element elementor-element-5df384d exad-sticky-section-no exad-glass-effect-no elementor-widget elementor-widget-video\" data-id=\"5df384d\" data-element_type=\"widget\" data-e-type=\"widget\" data-settings=\"{&quot;youtube_url&quot;:&quot;https:\\\/\\\/www.youtube.com\\\/watch?v=cwejsH8iCSM&quot;,&quot;video_type&quot;:&quot;youtube&quot;,&quot;controls&quot;:&quot;yes&quot;}\" data-widget_type=\"video.default\">\n\t\t\t\t<div class=\"elementor-widget-container\">\n\t\t\t\t\t\t\t<div class=\"elementor-wrapper elementor-open-inline\">\n\t\t\t<div class=\"elementor-video\"><\/div>\t\t<\/div>\n\t\t\t\t\t\t<\/div>\n\t\t\t\t<\/div>\n\t\t\t\t\t<\/div>\n\t\t<\/div>\n\t\t\t\t\t<\/div>\n\t\t<\/section>\n\t\t\t\t\t<\/div>\n\t\t<\/div>\n\t\t\t\t\t<\/div>\n\t\t<\/section>\n\t\t\t\t<\/div>","protected":false},"excerpt":{"rendered":"<p>Turismo Colombia se ha convertido en el pa\u00eds mas atractivo del mundo para los turistas que desean viajar a a Realizarse procedimientos cl\u00ednicos y est\u00e9ticos de alta calidad. https:\/\/www.youtube.com\/watch?v=tYftlmp3PYQhttps:\/\/www.youtube.com\/watch?v=9iiPMlSRhbo Colombia se ha convertido en un destino destacado para los procedimientos odontol\u00f3gicos, especialmente el dise\u00f1o de sonrisa, por varias razones que han sido reconocidas tanto en revistas nacionales como internacionales. Reputaci\u00f3n de Profesionales: Los odont\u00f3logos colombianos son reconocidos por su alta calidad y excelencia en el campo de la odontolog\u00eda est\u00e9tica. Costos Competitivos: En comparaci\u00f3n con otros pa\u00edses, los costos de los procedimientos odontol\u00f3gicos en Colombia son m\u00e1s competitivos, lo que atrae a pacientes internacionales en busca de calidad a precios accesibles. Turismo M\u00e9dico: Colombia se ha posicionado como un destino de turismo m\u00e9dico, y la odontolog\u00eda no es una excepci\u00f3n. Resultados Est\u00e9ticos: Los pacientes que han optado por procedimientos de dise\u00f1o de sonrisa en Colombia han elogiado los resultados est\u00e9ticos naturales y satisfactorios. En resumen, Colombia ha ganado reconocimiento internacional como un destino destacado para procedimientos odontol\u00f3gicos, especialmente el dise\u00f1o de sonrisa, debido a la reputaci\u00f3n de sus profesionales, la tecnolog\u00eda avanzada, los costos competitivos, el turismo m\u00e9dico y los resultados est\u00e9ticos sobresalientes. En 2018, m\u00e1s de 4,3 millones de viajeros llegaron a Colombia, seg\u00fan el Ministerio de Comercio, Industria y Turismo (MinCIT). Una cifra r\u00e9cord para el turismo nacional. Los turistas llegan a Colombia en busca de chequeos m\u00e9dicos con especialistas en odontologia, oncolog\u00eda, cardiolog\u00eda, pediatr\u00eda, neurolog\u00eda, y procedimientos est\u00e9ticos. El negocio est\u00e1 en auge. Seg\u00fan la gu\u00eda tur\u00edstica m\u00e9dica Patients Beyond Borders (Pacientes m\u00e1s all\u00e1 de las fronteras), unos 20 millones de personas en el mundo hacen este tipo de viajes. De ellos, 1,9 proceden de Estados Unidos. Un estudio del Global Wellness Tourism Economy Report estima que un visitante con fines m\u00e9dicos gasta en promedio 1.639 d\u00f3lares, 130 por ciento m\u00e1s que el turista tradicional. Pero el boom en Colombia no solo lo genera la diferencia de precios en servicios m\u00e9dicos y hospitalarios, que representan entre 35 y 60 por ciento menos. Tambi\u00e9n juega en el negocio la calidad de los profesionales nacionales, la infraestructura hospitalaria y una atenci\u00f3n a la altura de las mejores instituciones del mundo. Cinco hospitales, cl\u00ednicas y centros de salud del pa\u00eds cuentan con la acreditaci\u00f3n Joint Commissions International, la entidad mundial con m\u00e1s experiencia en acreditaci\u00f3n sanitaria y que en la actualidad acredita cerca de 20.000 organizaciones. Asimismo, 23 instituciones m\u00e9dicas del pa\u00eds est\u00e1n ranqueadas entre las 58 mejores de Am\u00e9rica Latina, de acuerdo con el r\u00e1nking de la revista Am\u00e9rica Econom\u00eda. Ademas nosotros le contamos otras razones por las que deberia pensar en venir a Colombia Si estas listo solo debes ver el siguiente video: \u00bfPor qu\u00e9 escoger a Medell\u00edn para turismo dental? A medida que aumenta el costo de la atenci\u00f3n dental en Europa y Norteam\u00e9rica, cada vez son m\u00e1s las personas que buscan en otros pa\u00edses satisfacer sus necesidades de salud dental. La salud es un servicio cada vez m\u00e1s demandado por las personas que hacen turismo en la ciudad de Medell\u00edn, con especial inter\u00e9s en visitar una una cl\u00ednica dental en Medell\u00edn Colombia , numerosos turistas han apostado por los servicios de odontolog\u00eda general y est\u00e9tica ofrecidos en Medell\u00edn porque re\u00fane las mejores condiciones, lo que la convierte en una potencia internacional del turismo de salud, (una sanidad de reconocido prestigio en el mundo y una gran tradici\u00f3n tur\u00edstica). \u00a0 https:\/\/www.youtube.com\/watch?v=0NPssz-L4gkhttps:\/\/www.youtube.com\/watch?v=cwejsH8iCSM<\/p>","protected":false},"author":2,"featured_media":0,"parent":0,"menu_order":0,"comment_status":"closed","ping_status":"closed","template":"elementor_header_footer","meta":{"_joinchat":[],"footnotes":""},"class_list":["post-1642","page","type-page","status-publish","hentry"],"_links":{"self":[{"href":"https:\/\/ortoclin.co\/es-extranjero\/wp-json\/wp\/v2\/pages\/1642","targetHints":{"allow":["GET"]}}],"collection":[{"href":"https:\/\/ortoclin.co\/es-extranjero\/wp-json\/wp\/v2\/pages"}],"about":[{"href":"https:\/\/ortoclin.co\/es-extranjero\/wp-json\/wp\/v2\/types\/page"}],"author":[{"embeddable":true,"href":"https:\/\/ortoclin.co\/es-extranjero\/wp-json\/wp\/v2\/users\/2"}],"replies":[{"embeddable":true,"href":"https:\/\/ortoclin.co\/es-extranjero\/wp-json\/wp\/v2\/comments?post=1642"}],"version-history":[{"count":0,"href":"https:\/\/ortoclin.co\/es-extranjero\/wp-json\/wp\/v2\/pages\/1642\/revisions"}],"wp:attachment":[{"href":"https:\/\/ortoclin.co\/es-extranjero\/wp-json\/wp\/v2\/media?parent=1642"}],"curies":[{"name":"wp","href":"https:\/\/api.w.org\/{rel}","templated":true}]}}